{"id":981,"date":"2019-11-27T12:02:30","date_gmt":"2019-11-27T11:02:30","guid":{"rendered":"http:\/\/aquadeals.koipro.cz\/nase-sluzby\/"},"modified":"2023-10-31T18:14:24","modified_gmt":"2023-10-31T17:14:24","slug":"our-services","status":"publish","type":"page","link":"https:\/\/www.aquadeals.eu\/en\/our-services\/","title":{"rendered":"Our Services"},"content":{"rendered":"\n<p>Our goal is to offer quality products and services for <strong>aquaculture<\/strong>, especially for <strong>recirculation systems<\/strong>. We are ready to respond quickly and operatively to your requests to find the best suitable solutions for your needs.&nbsp;<\/p>\n","protected":false},"excerpt":{"rendered":"<p>Our goal is to offer quality products and services for aquaculture, especially for recirculation systems. We are ready to respond quickly and operatively to your requests to find the best suitable solutions for your needs.&nbsp;<\/p>\n","protected":false},"author":1,"featured_media":0,"parent":0,"menu_order":0,"comment_status":"closed","ping_status":"closed","template":"page-sluzby.php","meta":{"_acf_changed":false,"footnotes":""},"class_list":["post-981","page","type-page","status-publish","hentry"],"acf":[],"yoast_head":"<!-- This site is optimized with the Yoast SEO plugin v27.4 - https:\/\/yoast.com\/product\/yoast-seo-wordpress\/ -->\n<title>Our Services : Aquadeals.eu<\/title>\n<meta name=\"description\" content=\"Our goal is to offer quality products and services for aquaculture, especially for recirculation systems. We are ready to respond quickly and operatively to your requests and find the optimal solution.\" \/>\n<meta name=\"robots\" content=\"index, follow, max-snippet:-1, max-image-preview:large, max-video-preview:-1\" \/>\n<link rel=\"canonical\" href=\"https:\/\/www.aquadeals.eu\/en\/our-services\/\" \/>\n<meta property=\"og:locale\" content=\"en_US\" \/>\n<meta property=\"og:type\" content=\"article\" \/>\n<meta property=\"og:title\" content=\"Our Services : Aquadeals.eu\" \/>\n<meta property=\"og:description\" content=\"Our goal is to offer quality products and services for aquaculture, especially for recirculation systems. We are ready to respond quickly and operatively to your requests and find the optimal solution.\" \/>\n<meta property=\"og:url\" content=\"https:\/\/www.aquadeals.eu\/en\/our-services\/\" \/>\n<meta property=\"og:site_name\" content=\"Aquadeals.eu\" \/>\n<meta property=\"article:modified_time\" content=\"2023-10-31T17:14:24+00:00\" \/>\n<meta name=\"twitter:card\" content=\"summary_large_image\" \/>\n<meta name=\"twitter:label1\" content=\"Est. reading time\" \/>\n\t<meta name=\"twitter:data1\" content=\"1 minute\" \/>\n<script type=\"application\/ld+json\" class=\"yoast-schema-graph\">{\"@context\":\"https:\\\/\\\/schema.org\",\"@graph\":[{\"@type\":\"WebPage\",\"@id\":\"https:\\\/\\\/www.aquadeals.eu\\\/en\\\/our-services\\\/\",\"url\":\"https:\\\/\\\/www.aquadeals.eu\\\/en\\\/our-services\\\/\",\"name\":\"Our Services : Aquadeals.eu\",\"isPartOf\":{\"@id\":\"https:\\\/\\\/www.aquadeals.eu\\\/en\\\/#website\"},\"datePublished\":\"2019-11-27T11:02:30+00:00\",\"dateModified\":\"2023-10-31T17:14:24+00:00\",\"description\":\"Our goal is to offer quality products and services for aquaculture, especially for recirculation systems. We are ready to respond quickly and operatively to your requests and find the optimal solution.\",\"breadcrumb\":{\"@id\":\"https:\\\/\\\/www.aquadeals.eu\\\/en\\\/our-services\\\/#breadcrumb\"},\"inLanguage\":\"en-US\",\"potentialAction\":[{\"@type\":\"ReadAction\",\"target\":[\"https:\\\/\\\/www.aquadeals.eu\\\/en\\\/our-services\\\/\"]}]},{\"@type\":\"BreadcrumbList\",\"@id\":\"https:\\\/\\\/www.aquadeals.eu\\\/en\\\/our-services\\\/#breadcrumb\",\"itemListElement\":[{\"@type\":\"ListItem\",\"position\":1,\"name\":\"Aquadels.eu\",\"item\":\"https:\\\/\\\/www.aquadeals.eu\\\/en\\\/\"},{\"@type\":\"ListItem\",\"position\":2,\"name\":\"Our Services\"}]},{\"@type\":\"WebSite\",\"@id\":\"https:\\\/\\\/www.aquadeals.eu\\\/en\\\/#website\",\"url\":\"https:\\\/\\\/www.aquadeals.eu\\\/en\\\/\",\"name\":\"Aquadeals.eu\",\"description\":\"Technologie pro akvakulturu a recirkula\u010dn\u00ed syst\u00e9my (RAS)\",\"potentialAction\":[{\"@type\":\"SearchAction\",\"target\":{\"@type\":\"EntryPoint\",\"urlTemplate\":\"https:\\\/\\\/www.aquadeals.eu\\\/en\\\/?s={search_term_string}\"},\"query-input\":{\"@type\":\"PropertyValueSpecification\",\"valueRequired\":true,\"valueName\":\"search_term_string\"}}],\"inLanguage\":\"en-US\"}]}<\/script>\n<!-- \/ Yoast SEO plugin. -->","yoast_head_json":{"title":"Our Services : Aquadeals.eu","description":"Our goal is to offer quality products and services for aquaculture, especially for recirculation systems. We are ready to respond quickly and operatively to your requests and find the optimal solution.","robots":{"index":"index","follow":"follow","max-snippet":"max-snippet:-1","max-image-preview":"max-image-preview:large","max-video-preview":"max-video-preview:-1"},"canonical":"https:\/\/www.aquadeals.eu\/en\/our-services\/","og_locale":"en_US","og_type":"article","og_title":"Our Services : Aquadeals.eu","og_description":"Our goal is to offer quality products and services for aquaculture, especially for recirculation systems. We are ready to respond quickly and operatively to your requests and find the optimal solution.","og_url":"https:\/\/www.aquadeals.eu\/en\/our-services\/","og_site_name":"Aquadeals.eu","article_modified_time":"2023-10-31T17:14:24+00:00","twitter_card":"summary_large_image","twitter_misc":{"Est. reading time":"1 minute"},"schema":{"@context":"https:\/\/schema.org","@graph":[{"@type":"WebPage","@id":"https:\/\/www.aquadeals.eu\/en\/our-services\/","url":"https:\/\/www.aquadeals.eu\/en\/our-services\/","name":"Our Services : Aquadeals.eu","isPartOf":{"@id":"https:\/\/www.aquadeals.eu\/en\/#website"},"datePublished":"2019-11-27T11:02:30+00:00","dateModified":"2023-10-31T17:14:24+00:00","description":"Our goal is to offer quality products and services for aquaculture, especially for recirculation systems. We are ready to respond quickly and operatively to your requests and find the optimal solution.","breadcrumb":{"@id":"https:\/\/www.aquadeals.eu\/en\/our-services\/#breadcrumb"},"inLanguage":"en-US","potentialAction":[{"@type":"ReadAction","target":["https:\/\/www.aquadeals.eu\/en\/our-services\/"]}]},{"@type":"BreadcrumbList","@id":"https:\/\/www.aquadeals.eu\/en\/our-services\/#breadcrumb","itemListElement":[{"@type":"ListItem","position":1,"name":"Aquadels.eu","item":"https:\/\/www.aquadeals.eu\/en\/"},{"@type":"ListItem","position":2,"name":"Our Services"}]},{"@type":"WebSite","@id":"https:\/\/www.aquadeals.eu\/en\/#website","url":"https:\/\/www.aquadeals.eu\/en\/","name":"Aquadeals.eu","description":"Technologie pro akvakulturu a recirkula\u010dn\u00ed syst\u00e9my (RAS)","potentialAction":[{"@type":"SearchAction","target":{"@type":"EntryPoint","urlTemplate":"https:\/\/www.aquadeals.eu\/en\/?s={search_term_string}"},"query-input":{"@type":"PropertyValueSpecification","valueRequired":true,"valueName":"search_term_string"}}],"inLanguage":"en-US"}]}},"_links":{"self":[{"href":"https:\/\/www.aquadeals.eu\/en\/wp-json\/wp\/v2\/pages\/981","targetHints":{"allow":["GET"]}}],"collection":[{"href":"https:\/\/www.aquadeals.eu\/en\/wp-json\/wp\/v2\/pages"}],"about":[{"href":"https:\/\/www.aquadeals.eu\/en\/wp-json\/wp\/v2\/types\/page"}],"author":[{"embeddable":true,"href":"https:\/\/www.aquadeals.eu\/en\/wp-json\/wp\/v2\/users\/1"}],"replies":[{"embeddable":true,"href":"https:\/\/www.aquadeals.eu\/en\/wp-json\/wp\/v2\/comments?post=981"}],"version-history":[{"count":6,"href":"https:\/\/www.aquadeals.eu\/en\/wp-json\/wp\/v2\/pages\/981\/revisions"}],"predecessor-version":[{"id":6826,"href":"https:\/\/www.aquadeals.eu\/en\/wp-json\/wp\/v2\/pages\/981\/revisions\/6826"}],"wp:attachment":[{"href":"https:\/\/www.aquadeals.eu\/en\/wp-json\/wp\/v2\/media?parent=981"}],"curies":[{"name":"wp","href":"https:\/\/api.w.org\/{rel}","templated":true}]}}