{"id":6652,"date":"2019-11-13T10:16:58","date_gmt":"2019-11-13T09:16:58","guid":{"rendered":"https:\/\/www.aquadeals.eu\/ryby-v-ras\/"},"modified":"2023-10-28T12:02:49","modified_gmt":"2023-10-28T10:02:49","slug":"fish-in-ras","status":"publish","type":"page","link":"https:\/\/www.aquadeals.eu\/de\/fish-in-ras\/","title":{"rendered":"Fish in RAS"},"content":{"rendered":"","protected":false},"excerpt":{"rendered":"","protected":false},"author":1,"featured_media":0,"parent":0,"menu_order":0,"comment_status":"closed","ping_status":"closed","template":"page-ras-ryby.php","meta":{"_acf_changed":false,"footnotes":""},"class_list":["post-6652","page","type-page","status-publish","hentry"],"acf":[],"yoast_head":"<!-- This site is optimized with the Yoast SEO plugin v27.4 - https:\/\/yoast.com\/product\/yoast-seo-wordpress\/ -->\n<title>Fish in RAS : Aquadeals.eu<\/title>\n<meta name=\"robots\" content=\"index, follow, max-snippet:-1, max-image-preview:large, max-video-preview:-1\" \/>\n<link rel=\"canonical\" href=\"https:\/\/www.aquadeals.eu\/de\/fish-in-ras\/\" \/>\n<meta property=\"og:locale\" content=\"de_DE\" \/>\n<meta property=\"og:type\" content=\"article\" \/>\n<meta property=\"og:title\" content=\"Fish in RAS : Aquadeals.eu\" \/>\n<meta property=\"og:url\" content=\"https:\/\/www.aquadeals.eu\/de\/fish-in-ras\/\" \/>\n<meta property=\"og:site_name\" content=\"Aquadeals.eu\" \/>\n<meta property=\"article:modified_time\" content=\"2023-10-28T10:02:49+00:00\" \/>\n<meta name=\"twitter:card\" content=\"summary_large_image\" \/>\n<script type=\"application\/ld+json\" class=\"yoast-schema-graph\">{\"@context\":\"https:\\\/\\\/schema.org\",\"@graph\":[{\"@type\":\"WebPage\",\"@id\":\"https:\\\/\\\/www.aquadeals.eu\\\/de\\\/fish-in-ras\\\/\",\"url\":\"https:\\\/\\\/www.aquadeals.eu\\\/de\\\/fish-in-ras\\\/\",\"name\":\"Fish in RAS : Aquadeals.eu\",\"isPartOf\":{\"@id\":\"https:\\\/\\\/www.aquadeals.eu\\\/de\\\/#website\"},\"datePublished\":\"2019-11-13T09:16:58+00:00\",\"dateModified\":\"2023-10-28T10:02:49+00:00\",\"breadcrumb\":{\"@id\":\"https:\\\/\\\/www.aquadeals.eu\\\/de\\\/fish-in-ras\\\/#breadcrumb\"},\"inLanguage\":\"de\",\"potentialAction\":[{\"@type\":\"ReadAction\",\"target\":[\"https:\\\/\\\/www.aquadeals.eu\\\/de\\\/fish-in-ras\\\/\"]}]},{\"@type\":\"BreadcrumbList\",\"@id\":\"https:\\\/\\\/www.aquadeals.eu\\\/de\\\/fish-in-ras\\\/#breadcrumb\",\"itemListElement\":[{\"@type\":\"ListItem\",\"position\":1,\"name\":\"Aquadels.eu\",\"item\":\"https:\\\/\\\/www.aquadeals.eu\\\/de\\\/\"},{\"@type\":\"ListItem\",\"position\":2,\"name\":\"Fish in RAS\"}]},{\"@type\":\"WebSite\",\"@id\":\"https:\\\/\\\/www.aquadeals.eu\\\/de\\\/#website\",\"url\":\"https:\\\/\\\/www.aquadeals.eu\\\/de\\\/\",\"name\":\"Aquadeals.eu\",\"description\":\"Technologie pro akvakulturu a recirkula\u010dn\u00ed syst\u00e9my (RAS)\",\"potentialAction\":[{\"@type\":\"SearchAction\",\"target\":{\"@type\":\"EntryPoint\",\"urlTemplate\":\"https:\\\/\\\/www.aquadeals.eu\\\/de\\\/?s={search_term_string}\"},\"query-input\":{\"@type\":\"PropertyValueSpecification\",\"valueRequired\":true,\"valueName\":\"search_term_string\"}}],\"inLanguage\":\"de\"}]}<\/script>\n<!-- \/ Yoast SEO plugin. -->","yoast_head_json":{"title":"Fish in RAS : Aquadeals.eu","robots":{"index":"index","follow":"follow","max-snippet":"max-snippet:-1","max-image-preview":"max-image-preview:large","max-video-preview":"max-video-preview:-1"},"canonical":"https:\/\/www.aquadeals.eu\/de\/fish-in-ras\/","og_locale":"de_DE","og_type":"article","og_title":"Fish in RAS : Aquadeals.eu","og_url":"https:\/\/www.aquadeals.eu\/de\/fish-in-ras\/","og_site_name":"Aquadeals.eu","article_modified_time":"2023-10-28T10:02:49+00:00","twitter_card":"summary_large_image","schema":{"@context":"https:\/\/schema.org","@graph":[{"@type":"WebPage","@id":"https:\/\/www.aquadeals.eu\/de\/fish-in-ras\/","url":"https:\/\/www.aquadeals.eu\/de\/fish-in-ras\/","name":"Fish in RAS : Aquadeals.eu","isPartOf":{"@id":"https:\/\/www.aquadeals.eu\/de\/#website"},"datePublished":"2019-11-13T09:16:58+00:00","dateModified":"2023-10-28T10:02:49+00:00","breadcrumb":{"@id":"https:\/\/www.aquadeals.eu\/de\/fish-in-ras\/#breadcrumb"},"inLanguage":"de","potentialAction":[{"@type":"ReadAction","target":["https:\/\/www.aquadeals.eu\/de\/fish-in-ras\/"]}]},{"@type":"BreadcrumbList","@id":"https:\/\/www.aquadeals.eu\/de\/fish-in-ras\/#breadcrumb","itemListElement":[{"@type":"ListItem","position":1,"name":"Aquadels.eu","item":"https:\/\/www.aquadeals.eu\/de\/"},{"@type":"ListItem","position":2,"name":"Fish in RAS"}]},{"@type":"WebSite","@id":"https:\/\/www.aquadeals.eu\/de\/#website","url":"https:\/\/www.aquadeals.eu\/de\/","name":"Aquadeals.eu","description":"Technologie pro akvakulturu a recirkula\u010dn\u00ed syst\u00e9my (RAS)","potentialAction":[{"@type":"SearchAction","target":{"@type":"EntryPoint","urlTemplate":"https:\/\/www.aquadeals.eu\/de\/?s={search_term_string}"},"query-input":{"@type":"PropertyValueSpecification","valueRequired":true,"valueName":"search_term_string"}}],"inLanguage":"de"}]}},"_links":{"self":[{"href":"https:\/\/www.aquadeals.eu\/de\/wp-json\/wp\/v2\/pages\/6652","targetHints":{"allow":["GET"]}}],"collection":[{"href":"https:\/\/www.aquadeals.eu\/de\/wp-json\/wp\/v2\/pages"}],"about":[{"href":"https:\/\/www.aquadeals.eu\/de\/wp-json\/wp\/v2\/types\/page"}],"author":[{"embeddable":true,"href":"https:\/\/www.aquadeals.eu\/de\/wp-json\/wp\/v2\/users\/1"}],"replies":[{"embeddable":true,"href":"https:\/\/www.aquadeals.eu\/de\/wp-json\/wp\/v2\/comments?post=6652"}],"version-history":[{"count":1,"href":"https:\/\/www.aquadeals.eu\/de\/wp-json\/wp\/v2\/pages\/6652\/revisions"}],"predecessor-version":[{"id":6669,"href":"https:\/\/www.aquadeals.eu\/de\/wp-json\/wp\/v2\/pages\/6652\/revisions\/6669"}],"wp:attachment":[{"href":"https:\/\/www.aquadeals.eu\/de\/wp-json\/wp\/v2\/media?parent=6652"}],"curies":[{"name":"wp","href":"https:\/\/api.w.org\/{rel}","templated":true}]}}